{"id":21526,"date":"2025-12-27T11:53:26","date_gmt":"2025-12-27T11:53:26","guid":{"rendered":"https:\/\/realmofstore.com\/?page_id=21526"},"modified":"2025-12-27T11:56:16","modified_gmt":"2025-12-27T11:56:16","slug":"accessories","status":"publish","type":"page","link":"https:\/\/realmofstore.com\/vi\/accessories\/","title":{"rendered":"Accessories"},"content":{"rendered":"<div data-elementor-type=\"wp-page\" data-elementor-id=\"21526\" class=\"elementor elementor-21526\" data-elementor-post-type=\"page\">\n\t\t\t\t<div class=\"elementor-element elementor-element-d9b2bb1 e-con-full e-flex wpr-particle-no wpr-jarallax-no wpr-parallax-no wpr-sticky-section-no e-con e-parent\" data-id=\"d9b2bb1\" data-element_type=\"container\">\n\t\t\t\t<div class=\"elementor-element elementor-element-4ae1de0 elementor-widget elementor-widget-shortcode\" data-id=\"4ae1de0\" data-element_type=\"widget\" data-widget_type=\"shortcode.default\">\n\t\t\t\t<div class=\"elementor-widget-container\">\n\t\t\t\t\t\t\t<div class=\"elementor-shortcode\">\n<div class=\"woocommerce columns-4\"><div class=\"woocommerce-notices-wrapper\"><\/div>    <div class=\"custom-toolbar-ui-v3\" style=\"display: flex; justify-content: space-between; align-items: center; margin-bottom: 10px;\">\n        <!-- SORT toggle -->\n        <div id=\"sort-toggle\" style=\"display: flex; align-items: center; cursor: pointer;\">\n            <span style=\"display: inline-flex; align-items: center; margin-right: 6px;\">\n                <svg width=\"18\" height=\"18\" viewbox=\"0 0 24 24\" fill=\"none\" stroke=\"black\" stroke-width=\"2\" stroke-linecap=\"round\" stroke-linejoin=\"round\">\n                    <line x1=\"3\" y1=\"6\" x2=\"21\" y2=\"6\" \/>\n                    <line x1=\"3\" y1=\"12\" x2=\"15\" y2=\"12\" \/>\n                    <line x1=\"3\" y1=\"18\" x2=\"9\" y2=\"18\" \/>\n                    <circle cx=\"21\" cy=\"6\" r=\"2\" \/>\n                    <circle cx=\"15\" cy=\"12\" r=\"2\" \/>\n                    <circle cx=\"9\" cy=\"18\" r=\"2\" \/>\n                <\/svg>\n            <\/span>\n            <span style=\"font-family: 'Archivo', sans-serif; font-weight: 400;\">SORT<\/span>\n        <\/div>\n\n        <!-- ITEMS -->\n        <div class=\"custom-items-count\" style=\"font-family: 'Archivo', sans-serif; font-weight: 400;\">\n            5 ITEMS\n        <\/div>\n    <\/div>\n\n    <!-- Sort Options -->\n    <div id=\"sort-options\" style=\"display: none; margin-bottom: 20px; font-family: 'Archivo', sans-serif; font-weight: 400;\">\n        <div style=\"margin: 4px 0;\"><a href=\"\/vi\/wp-json\/wp\/v2\/pages\/21526?orderby=menu_order\" style=\"text-decoration: none; color: #000;\" data-no-translation=\"\" data-trp-gettext=\"\">Th\u1ee9 t\u1ef1 m\u1eb7c \u0111\u1ecbnh<\/a><\/div><div style=\"margin: 4px 0;\"><a href=\"\/vi\/wp-json\/wp\/v2\/pages\/21526?orderby=popularity\" style=\"text-decoration: none; color: #000;\" data-no-translation=\"\" data-trp-gettext=\"\">Th\u1ee9 t\u1ef1 theo m\u1ee9c \u0111\u1ed9 ph\u1ed5 bi\u1ebfn<\/a><\/div><div style=\"margin: 4px 0;\"><a href=\"\/vi\/wp-json\/wp\/v2\/pages\/21526?orderby=rating\" style=\"text-decoration: none; color: #000;\" data-no-translation=\"\" data-trp-gettext=\"\">Th\u1ee9 t\u1ef1 theo \u0111i\u1ec3m \u0111\u00e1nh gi\u00e1<\/a><\/div><div style=\"margin: 4px 0;\"><a href=\"\/vi\/wp-json\/wp\/v2\/pages\/21526?orderby=date\" style=\"text-decoration: none; color: #000;\" data-no-translation=\"\" data-trp-gettext=\"\">M\u1edbi nh\u1ea5t<\/a><\/div><div style=\"margin: 4px 0;\"><a href=\"\/vi\/wp-json\/wp\/v2\/pages\/21526?orderby=price\" style=\"text-decoration: none; color: #000;\" data-no-translation=\"\" data-trp-gettext=\"\">Th\u1ee9 t\u1ef1 theo gi\u00e1: th\u1ea5p \u0111\u1ebfn cao<\/a><\/div><div style=\"margin: 4px 0;\"><a href=\"\/vi\/wp-json\/wp\/v2\/pages\/21526?orderby=price-desc\" style=\"text-decoration: none; color: #000;\" data-no-translation=\"\" data-trp-gettext=\"\">Th\u1ee9 t\u1ef1 theo gi\u00e1: cao xu\u1ed1ng th\u1ea5p<\/a><\/div>    <\/div>\n\n    <style>\n        .custom-toolbar-ui-v3 {\n            padding-left: 30px;\n            padding-right: 30px;\n        }\n        @media (max-width: 767px) {\n            .custom-toolbar-ui-v3 {\n                padding-left: 10px;\n                padding-right: 10px;\n            }\n        }\n        .custom-toolbar-ui-v3 span,\n        .custom-items-count,\n        #sort-options {\n            font-family: 'Archivo', sans-serif;\n            font-weight: 400;\n            font-size: 12px;\n        }\n        @media (max-width: 767px) {\n            .custom-toolbar-ui-v3 span,\n            .custom-items-count,\n            #sort-options {\n                font-size: 10px;\n            }\n        }\n        .woof_products_top_panel {\n            display: none !important;\n        }\n    <\/style>\n\n    <script>\n        document.addEventListener('DOMContentLoaded', function () {\n            const toggle = document.getElementById('sort-toggle');\n            const options = document.getElementById('sort-options');\n            toggle.addEventListener('click', function () {\n                options.style.display = options.style.display === 'none' ? 'block' : 'none';\n            });\n        });\n    <\/script>\n    <ul class=\"products columns-4\">\n<li class=\"product type-product post-22292 status-publish first instock product_cat-accessories product_cat-new-arrivals has-post-thumbnail taxable shipping-taxable purchasable product-type-variable\">\n\t<a href=\"https:\/\/realmofstore.com\/vi\/san-pham\/product-hooded-scarf\/\" class=\"woocommerce-LoopProduct-link woocommerce-loop-product__link\"><img fetchpriority=\"high\" decoding=\"async\" width=\"2048\" height=\"2560\" src=\"https:\/\/realmofstore.com\/wp-content\/uploads\/2026\/03\/REALM-OF-1834-1.jpg\" class=\"attachment-woocommerce_thumbnail size-woocommerce_thumbnail\" alt=\"WAFFLE KNIT HOODED SCARF\" srcset=\"https:\/\/realmofstore.com\/wp-content\/uploads\/2026\/03\/REALM-OF-1834-1.jpg 2048w, https:\/\/realmofstore.com\/wp-content\/uploads\/2026\/03\/REALM-OF-1834-1-240x300.jpg 240w, https:\/\/realmofstore.com\/wp-content\/uploads\/2026\/03\/REALM-OF-1834-1-819x1024.jpg 819w, https:\/\/realmofstore.com\/wp-content\/uploads\/2026\/03\/REALM-OF-1834-1-768x960.jpg 768w, https:\/\/realmofstore.com\/wp-content\/uploads\/2026\/03\/REALM-OF-1834-1-1229x1536.jpg 1229w, https:\/\/realmofstore.com\/wp-content\/uploads\/2026\/03\/REALM-OF-1834-1-1638x2048.jpg 1638w, https:\/\/realmofstore.com\/wp-content\/uploads\/2026\/03\/REALM-OF-1834-1-10x12.jpg 10w, https:\/\/realmofstore.com\/wp-content\/uploads\/2026\/03\/REALM-OF-1834-1-1200x1500.jpg 1200w, https:\/\/realmofstore.com\/wp-content\/uploads\/2026\/03\/REALM-OF-1834-1-64x80.jpg 64w\" sizes=\"(max-width: 2048px) 100vw, 2048px\" \/><h2 class=\"woocommerce-loop-product__title\">WAFFLE KNIT HOODED SCARF<\/h2>\n\t<span class=\"price\"><span class=\"wcpbc-price wcpbc-price-22292\" data-product-id=\"22292\"><span class=\"woocommerce-Price-amount amount\"><bdi>390,000&nbsp;<span class=\"woocommerce-Price-currencySymbol\">&#8363;<\/span><\/bdi><\/span><\/span><\/span>\n<span class=\"dalya-overlay-gallery-data shop-overlay-gallery-data\" data-product-id=\"22292\" data-images=\"[&quot;https:\\\/\\\/realmofstore.com\\\/wp-content\\\/uploads\\\/2026\\\/03\\\/REALM-OF-1834-1.jpg&quot;,&quot;https:\\\/\\\/realmofstore.com\\\/wp-content\\\/uploads\\\/2026\\\/03\\\/REALM-OF-1832-1.jpg&quot;,&quot;https:\\\/\\\/realmofstore.com\\\/wp-content\\\/uploads\\\/2026\\\/03\\\/REALMOF_58807.jpg&quot;,&quot;https:\\\/\\\/realmofstore.com\\\/wp-content\\\/uploads\\\/2026\\\/03\\\/REALMOF_58910.jpg&quot;,&quot;https:\\\/\\\/realmofstore.com\\\/wp-content\\\/uploads\\\/2026\\\/03\\\/REALMOF_59013.jpg&quot;,&quot;https:\\\/\\\/realmofstore.com\\\/wp-content\\\/uploads\\\/2026\\\/03\\\/REALMOF_59352.jpg&quot;,&quot;https:\\\/\\\/realmofstore.com\\\/wp-content\\\/uploads\\\/2026\\\/03\\\/REALMOF_58820.jpg&quot;]\" style=\"display:none !important;\"><\/span><\/a><a href=\"https:\/\/realmofstore.com\/vi\/san-pham\/product-hooded-scarf\/\" aria-describedby=\"woocommerce_loop_add_to_cart_link_describedby_22292\" data-quantity=\"1\" class=\"button product_type_variable add_to_cart_button cfvsw_ajax_add_to_cart\" data-product_id=\"22292\" data-product_sku=\"\" aria-label=\"L\u1ef1a ch\u1ecdn cho \u201cWAFFLE KNIT HOODED SCARF\u201d\" rel=\"nofollow\" data-add_to_cart_text=\"Add to Cart\" data-select_options_text=\"L\u1ef1a ch\u1ecdn t\u00f9y ch\u1ecdn\" data-no-translation=\"\" data-trp-gettext=\"\" data-no-translation-aria-label=\"\" data-no-translation-data-select_options_text=\"\">L\u1ef1a ch\u1ecdn t\u00f9y ch\u1ecdn<\/a>\t<span id=\"woocommerce_loop_add_to_cart_link_describedby_22292\" class=\"screen-reader-text\">\n\t\tS\u1ea3n ph\u1ea9m n\u00e0y c\u00f3 nhi\u1ec1u bi\u1ebfn th\u1ec3. C\u00e1c t\u00f9y ch\u1ecdn c\u00f3 th\u1ec3 \u0111\u01b0\u1ee3c ch\u1ecdn tr\u00ean trang s\u1ea3n ph\u1ea9m\t<\/span>\n<\/li>\n<li class=\"product type-product post-21387 status-publish instock product_cat-accessories has-post-thumbnail taxable shipping-taxable purchasable product-type-variable\">\n\t<a href=\"https:\/\/realmofstore.com\/vi\/san-pham\/realm-of-big-icon-cursive-embroidery-vintage-cap-walnut\/\" class=\"woocommerce-LoopProduct-link woocommerce-loop-product__link\"><img decoding=\"async\" width=\"1638\" height=\"2048\" src=\"https:\/\/realmofstore.com\/wp-content\/uploads\/2025\/12\/realmof-1i_copy_6abf54590cef493aa1f883e50d2dae2b-1.jpg\" class=\"attachment-woocommerce_thumbnail size-woocommerce_thumbnail\" alt=\"BIG ICON CURSIVE EMBROIDERY VINTAGE CAP WALNUT\" srcset=\"https:\/\/realmofstore.com\/wp-content\/uploads\/2025\/12\/realmof-1i_copy_6abf54590cef493aa1f883e50d2dae2b-1.jpg 1638w, https:\/\/realmofstore.com\/wp-content\/uploads\/2025\/12\/realmof-1i_copy_6abf54590cef493aa1f883e50d2dae2b-1-240x300.jpg 240w, https:\/\/realmofstore.com\/wp-content\/uploads\/2025\/12\/realmof-1i_copy_6abf54590cef493aa1f883e50d2dae2b-1-819x1024.jpg 819w, https:\/\/realmofstore.com\/wp-content\/uploads\/2025\/12\/realmof-1i_copy_6abf54590cef493aa1f883e50d2dae2b-1-768x960.jpg 768w, https:\/\/realmofstore.com\/wp-content\/uploads\/2025\/12\/realmof-1i_copy_6abf54590cef493aa1f883e50d2dae2b-1-1229x1536.jpg 1229w, https:\/\/realmofstore.com\/wp-content\/uploads\/2025\/12\/realmof-1i_copy_6abf54590cef493aa1f883e50d2dae2b-1-10x12.jpg 10w, https:\/\/realmofstore.com\/wp-content\/uploads\/2025\/12\/realmof-1i_copy_6abf54590cef493aa1f883e50d2dae2b-1-1200x1500.jpg 1200w, https:\/\/realmofstore.com\/wp-content\/uploads\/2025\/12\/realmof-1i_copy_6abf54590cef493aa1f883e50d2dae2b-1-64x80.jpg 64w\" sizes=\"(max-width: 1638px) 100vw, 1638px\" \/><h2 class=\"woocommerce-loop-product__title\">BIG ICON CURSIVE EMBROIDERY VINTAGE CAP WALNUT<\/h2>\n\t<span class=\"price\"><span class=\"wcpbc-price wcpbc-price-21387\" data-product-id=\"21387\"><span class=\"woocommerce-Price-amount amount\"><bdi>380,000&nbsp;<span class=\"woocommerce-Price-currencySymbol\">&#8363;<\/span><\/bdi><\/span><\/span><\/span>\n<span class=\"dalya-overlay-gallery-data shop-overlay-gallery-data\" data-product-id=\"21387\" data-images=\"[&quot;https:\\\/\\\/realmofstore.com\\\/wp-content\\\/uploads\\\/2025\\\/12\\\/realmof-1i_copy_6abf54590cef493aa1f883e50d2dae2b-1.jpg&quot;,&quot;https:\\\/\\\/realmofstore.com\\\/wp-content\\\/uploads\\\/2025\\\/12\\\/realmof-2i_copy_80bdcd304f39447c8c70a5ce27579e25.jpg&quot;,&quot;https:\\\/\\\/realmofstore.com\\\/wp-content\\\/uploads\\\/2025\\\/12\\\/realmof-3i_copy_927871dafe5942b5848c562afba6461c.jpg&quot;,&quot;https:\\\/\\\/realmofstore.com\\\/wp-content\\\/uploads\\\/2025\\\/12\\\/realmof-8_855adb1d15ac400a8dfb998204dad132.jpg&quot;]\" style=\"display:none !important;\"><\/span><\/a><a href=\"https:\/\/realmofstore.com\/vi\/san-pham\/realm-of-big-icon-cursive-embroidery-vintage-cap-walnut\/\" aria-describedby=\"woocommerce_loop_add_to_cart_link_describedby_21387\" data-quantity=\"1\" class=\"button product_type_variable add_to_cart_button cfvsw_ajax_add_to_cart\" data-product_id=\"21387\" data-product_sku=\"\" aria-label=\"L\u1ef1a ch\u1ecdn cho \u201cBIG ICON CURSIVE EMBROIDERY VINTAGE CAP WALNUT\u201d\" rel=\"nofollow\" data-add_to_cart_text=\"Add to Cart\" data-select_options_text=\"L\u1ef1a ch\u1ecdn t\u00f9y ch\u1ecdn\" data-no-translation=\"\" data-trp-gettext=\"\" data-no-translation-aria-label=\"\" data-no-translation-data-select_options_text=\"\">L\u1ef1a ch\u1ecdn t\u00f9y ch\u1ecdn<\/a>\t<span id=\"woocommerce_loop_add_to_cart_link_describedby_21387\" class=\"screen-reader-text\">\n\t\tS\u1ea3n ph\u1ea9m n\u00e0y c\u00f3 nhi\u1ec1u bi\u1ebfn th\u1ec3. C\u00e1c t\u00f9y ch\u1ecdn c\u00f3 th\u1ec3 \u0111\u01b0\u1ee3c ch\u1ecdn tr\u00ean trang s\u1ea3n ph\u1ea9m\t<\/span>\n<\/li>\n<li class=\"product type-product post-21315 status-publish instock product_cat-accessories product_cat-autumnwinter25 product_cat-best-seller product_cat-new-arrivals has-post-thumbnail taxable shipping-taxable purchasable product-type-variable\">\n\t<a href=\"https:\/\/realmofstore.com\/vi\/san-pham\/realm-of-relam-unconstructed-vintage-cap-black\/\" class=\"woocommerce-LoopProduct-link woocommerce-loop-product__link\"><img decoding=\"async\" width=\"1638\" height=\"2048\" src=\"https:\/\/realmofstore.com\/wp-content\/uploads\/2025\/12\/realmof-4i_f1d65300c4d343b3a8dcba8ab63d78c8-1.jpg\" class=\"attachment-woocommerce_thumbnail size-woocommerce_thumbnail\" alt=\"RE&#039;AL&#039;M UNCONSTRUCTED VINTAGE CAP BLACK\" srcset=\"https:\/\/realmofstore.com\/wp-content\/uploads\/2025\/12\/realmof-4i_f1d65300c4d343b3a8dcba8ab63d78c8-1.jpg 1638w, https:\/\/realmofstore.com\/wp-content\/uploads\/2025\/12\/realmof-4i_f1d65300c4d343b3a8dcba8ab63d78c8-1-240x300.jpg 240w, https:\/\/realmofstore.com\/wp-content\/uploads\/2025\/12\/realmof-4i_f1d65300c4d343b3a8dcba8ab63d78c8-1-819x1024.jpg 819w, https:\/\/realmofstore.com\/wp-content\/uploads\/2025\/12\/realmof-4i_f1d65300c4d343b3a8dcba8ab63d78c8-1-768x960.jpg 768w, https:\/\/realmofstore.com\/wp-content\/uploads\/2025\/12\/realmof-4i_f1d65300c4d343b3a8dcba8ab63d78c8-1-1229x1536.jpg 1229w, https:\/\/realmofstore.com\/wp-content\/uploads\/2025\/12\/realmof-4i_f1d65300c4d343b3a8dcba8ab63d78c8-1-10x12.jpg 10w, https:\/\/realmofstore.com\/wp-content\/uploads\/2025\/12\/realmof-4i_f1d65300c4d343b3a8dcba8ab63d78c8-1-1200x1500.jpg 1200w, https:\/\/realmofstore.com\/wp-content\/uploads\/2025\/12\/realmof-4i_f1d65300c4d343b3a8dcba8ab63d78c8-1-64x80.jpg 64w\" sizes=\"(max-width: 1638px) 100vw, 1638px\" \/><h2 class=\"woocommerce-loop-product__title\">RE&#8217;AL&#8217;M UNCONSTRUCTED VINTAGE CAP BLACK<\/h2>\n\t<span class=\"price\"><span class=\"wcpbc-price wcpbc-price-21315\" data-product-id=\"21315\"><span class=\"woocommerce-Price-amount amount\"><bdi>380,000&nbsp;<span class=\"woocommerce-Price-currencySymbol\">&#8363;<\/span><\/bdi><\/span><\/span><\/span>\n<span class=\"dalya-overlay-gallery-data shop-overlay-gallery-data\" data-product-id=\"21315\" data-images=\"[&quot;https:\\\/\\\/realmofstore.com\\\/wp-content\\\/uploads\\\/2025\\\/12\\\/realmof-4i_f1d65300c4d343b3a8dcba8ab63d78c8-1.jpg&quot;,&quot;https:\\\/\\\/realmofstore.com\\\/wp-content\\\/uploads\\\/2025\\\/12\\\/realmof-5_copy_2ef8a79778ac45f1a29cd95557d41c7d.jpg&quot;,&quot;https:\\\/\\\/realmofstore.com\\\/wp-content\\\/uploads\\\/2025\\\/12\\\/realmof-6i_copy_99bc78ca324c47b4afed7fcab14c6a31.jpg&quot;,&quot;https:\\\/\\\/realmofstore.com\\\/wp-content\\\/uploads\\\/2025\\\/12\\\/10.jpg&quot;,&quot;https:\\\/\\\/realmofstore.com\\\/wp-content\\\/uploads\\\/2025\\\/12\\\/6-10.jpg&quot;,&quot;https:\\\/\\\/realmofstore.com\\\/wp-content\\\/uploads\\\/2025\\\/12\\\/F1F2D6F3-D41A-4E64-B341-C6638A6943C6.jpg&quot;,&quot;https:\\\/\\\/realmofstore.com\\\/wp-content\\\/uploads\\\/2025\\\/12\\\/IMG_7612.jpg&quot;]\" style=\"display:none !important;\"><\/span><\/a><a href=\"https:\/\/realmofstore.com\/vi\/san-pham\/realm-of-relam-unconstructed-vintage-cap-black\/\" aria-describedby=\"woocommerce_loop_add_to_cart_link_describedby_21315\" data-quantity=\"1\" class=\"button product_type_variable add_to_cart_button cfvsw_ajax_add_to_cart\" data-product_id=\"21315\" data-product_sku=\"\" aria-label=\"L\u1ef1a ch\u1ecdn cho \u201cRE&#039;AL&#039;M UNCONSTRUCTED VINTAGE CAP BLACK\u201d\" rel=\"nofollow\" data-add_to_cart_text=\"Add to Cart\" data-select_options_text=\"L\u1ef1a ch\u1ecdn t\u00f9y ch\u1ecdn\" data-no-translation=\"\" data-trp-gettext=\"\" data-no-translation-aria-label=\"\" data-no-translation-data-select_options_text=\"\">L\u1ef1a ch\u1ecdn t\u00f9y ch\u1ecdn<\/a>\t<span id=\"woocommerce_loop_add_to_cart_link_describedby_21315\" class=\"screen-reader-text\">\n\t\tS\u1ea3n ph\u1ea9m n\u00e0y c\u00f3 nhi\u1ec1u bi\u1ebfn th\u1ec3. C\u00e1c t\u00f9y ch\u1ecdn c\u00f3 th\u1ec3 \u0111\u01b0\u1ee3c ch\u1ecdn tr\u00ean trang s\u1ea3n ph\u1ea9m\t<\/span>\n<\/li>\n<li class=\"product type-product post-21255 status-publish last instock product_cat-accessories product_cat-best-seller has-post-thumbnail taxable shipping-taxable purchasable product-type-variable\">\n\t<a href=\"https:\/\/realmofstore.com\/vi\/san-pham\/realm-of-embossed-logo-headband-realm-of-safe-headband\/\" class=\"woocommerce-LoopProduct-link woocommerce-loop-product__link\"><img loading=\"lazy\" decoding=\"async\" width=\"2048\" height=\"2560\" src=\"https:\/\/realmofstore.com\/wp-content\/uploads\/2025\/12\/SNZ_5790R-2.jpg\" class=\"attachment-woocommerce_thumbnail size-woocommerce_thumbnail\" alt=\"SAFE &amp; EMBOSSED LOGO HEADBAND\" srcset=\"https:\/\/realmofstore.com\/wp-content\/uploads\/2025\/12\/SNZ_5790R-2.jpg 2048w, https:\/\/realmofstore.com\/wp-content\/uploads\/2025\/12\/SNZ_5790R-2-240x300.jpg 240w, https:\/\/realmofstore.com\/wp-content\/uploads\/2025\/12\/SNZ_5790R-2-819x1024.jpg 819w, https:\/\/realmofstore.com\/wp-content\/uploads\/2025\/12\/SNZ_5790R-2-768x960.jpg 768w, https:\/\/realmofstore.com\/wp-content\/uploads\/2025\/12\/SNZ_5790R-2-1229x1536.jpg 1229w, https:\/\/realmofstore.com\/wp-content\/uploads\/2025\/12\/SNZ_5790R-2-1638x2048.jpg 1638w, https:\/\/realmofstore.com\/wp-content\/uploads\/2025\/12\/SNZ_5790R-2-10x12.jpg 10w, https:\/\/realmofstore.com\/wp-content\/uploads\/2025\/12\/SNZ_5790R-2-1200x1500.jpg 1200w, https:\/\/realmofstore.com\/wp-content\/uploads\/2025\/12\/SNZ_5790R-2-64x80.jpg 64w\" sizes=\"(max-width: 2048px) 100vw, 2048px\" \/><h2 class=\"woocommerce-loop-product__title\">SAFE &amp; EMBOSSED LOGO HEADBAND<\/h2>\n\t<span class=\"price\"><span class=\"wcpbc-price wcpbc-price-21255\" data-product-id=\"21255\"><span class=\"woocommerce-Price-amount amount\"><bdi>99,000&nbsp;<span class=\"woocommerce-Price-currencySymbol\">&#8363;<\/span><\/bdi><\/span><\/span><\/span>\n<span class=\"dalya-overlay-gallery-data shop-overlay-gallery-data\" data-product-id=\"21255\" data-images=\"[&quot;https:\\\/\\\/realmofstore.com\\\/wp-content\\\/uploads\\\/2025\\\/12\\\/SNZ_5790R-2.jpg&quot;,&quot;https:\\\/\\\/realmofstore.com\\\/wp-content\\\/uploads\\\/2025\\\/12\\\/smokegrey_headband_d53c0e9f7aad49149646984f8fad656c.png&quot;,&quot;https:\\\/\\\/realmofstore.com\\\/wp-content\\\/uploads\\\/2025\\\/12\\\/1-2-2.jpg&quot;,&quot;https:\\\/\\\/realmofstore.com\\\/wp-content\\\/uploads\\\/2025\\\/12\\\/upload_2d364119efaf4b41bd596064ceef6450.jpg&quot;,&quot;https:\\\/\\\/realmofstore.com\\\/wp-content\\\/uploads\\\/2025\\\/12\\\/upload_dc66e9c188d748e59111f61479c38c9b.jpg&quot;,&quot;https:\\\/\\\/realmofstore.com\\\/wp-content\\\/uploads\\\/2025\\\/12\\\/upload_8b7dc37d738a47ee941bd8585da1d0bf.jpg&quot;,&quot;https:\\\/\\\/realmofstore.com\\\/wp-content\\\/uploads\\\/2025\\\/12\\\/upload_7e073d991e0348ddbab8c5fa42fd53b4.jpg&quot;]\" style=\"display:none !important;\"><\/span><\/a><a href=\"https:\/\/realmofstore.com\/vi\/san-pham\/realm-of-embossed-logo-headband-realm-of-safe-headband\/\" aria-describedby=\"woocommerce_loop_add_to_cart_link_describedby_21255\" data-quantity=\"1\" class=\"button product_type_variable add_to_cart_button cfvsw_ajax_add_to_cart\" data-product_id=\"21255\" data-product_sku=\"\" aria-label=\"L\u1ef1a ch\u1ecdn cho \u201cSAFE &amp; EMBOSSED LOGO HEADBAND\u201d\" rel=\"nofollow\" data-add_to_cart_text=\"Add to Cart\" data-select_options_text=\"L\u1ef1a ch\u1ecdn t\u00f9y ch\u1ecdn\" data-no-translation=\"\" data-trp-gettext=\"\" data-no-translation-aria-label=\"\" data-no-translation-data-select_options_text=\"\">L\u1ef1a ch\u1ecdn t\u00f9y ch\u1ecdn<\/a>\t<span id=\"woocommerce_loop_add_to_cart_link_describedby_21255\" class=\"screen-reader-text\">\n\t\tS\u1ea3n ph\u1ea9m n\u00e0y c\u00f3 nhi\u1ec1u bi\u1ebfn th\u1ec3. C\u00e1c t\u00f9y ch\u1ecdn c\u00f3 th\u1ec3 \u0111\u01b0\u1ee3c ch\u1ecdn tr\u00ean trang s\u1ea3n ph\u1ea9m\t<\/span>\n<\/li>\n<li class=\"product type-product post-21229 status-publish first instock product_cat-accessories product_cat-autumnwinter25 product_cat-best-seller product_cat-new-arrivals has-post-thumbnail taxable shipping-taxable purchasable product-type-variable\">\n\t<a href=\"https:\/\/realmofstore.com\/vi\/san-pham\/realm-of-manyfest-pillbox-cap-black-beige\/\" class=\"woocommerce-LoopProduct-link woocommerce-loop-product__link\"><img loading=\"lazy\" decoding=\"async\" width=\"2048\" height=\"2048\" src=\"https:\/\/realmofstore.com\/wp-content\/uploads\/2025\/12\/realmof-1980_b77ee7dbbd75480bb14e38c92c7e7eb6-1.jpg\" class=\"attachment-woocommerce_thumbnail size-woocommerce_thumbnail\" alt=\"REALM OF &#039;MANYFEST&#039; PILLBOX CAP\" srcset=\"https:\/\/realmofstore.com\/wp-content\/uploads\/2025\/12\/realmof-1980_b77ee7dbbd75480bb14e38c92c7e7eb6-1.jpg 2048w, https:\/\/realmofstore.com\/wp-content\/uploads\/2025\/12\/realmof-1980_b77ee7dbbd75480bb14e38c92c7e7eb6-1-300x300.jpg 300w, https:\/\/realmofstore.com\/wp-content\/uploads\/2025\/12\/realmof-1980_b77ee7dbbd75480bb14e38c92c7e7eb6-1-1024x1024.jpg 1024w, https:\/\/realmofstore.com\/wp-content\/uploads\/2025\/12\/realmof-1980_b77ee7dbbd75480bb14e38c92c7e7eb6-1-150x150.jpg 150w, https:\/\/realmofstore.com\/wp-content\/uploads\/2025\/12\/realmof-1980_b77ee7dbbd75480bb14e38c92c7e7eb6-1-768x768.jpg 768w, https:\/\/realmofstore.com\/wp-content\/uploads\/2025\/12\/realmof-1980_b77ee7dbbd75480bb14e38c92c7e7eb6-1-1536x1536.jpg 1536w, https:\/\/realmofstore.com\/wp-content\/uploads\/2025\/12\/realmof-1980_b77ee7dbbd75480bb14e38c92c7e7eb6-1-12x12.jpg 12w, https:\/\/realmofstore.com\/wp-content\/uploads\/2025\/12\/realmof-1980_b77ee7dbbd75480bb14e38c92c7e7eb6-1-1200x1200.jpg 1200w, https:\/\/realmofstore.com\/wp-content\/uploads\/2025\/12\/realmof-1980_b77ee7dbbd75480bb14e38c92c7e7eb6-1-100x100.jpg 100w, https:\/\/realmofstore.com\/wp-content\/uploads\/2025\/12\/realmof-1980_b77ee7dbbd75480bb14e38c92c7e7eb6-1-64x64.jpg 64w\" sizes=\"(max-width: 2048px) 100vw, 2048px\" \/><h2 class=\"woocommerce-loop-product__title\">REALM OF &#8216;MANYFEST&#8217; PILLBOX CAP<\/h2>\n\t<span class=\"price\"><span class=\"wcpbc-price wcpbc-price-21229\" data-product-id=\"21229\"><span class=\"woocommerce-Price-amount amount\"><bdi>420,000&nbsp;<span class=\"woocommerce-Price-currencySymbol\">&#8363;<\/span><\/bdi><\/span><\/span><\/span>\n<span class=\"dalya-overlay-gallery-data shop-overlay-gallery-data\" data-product-id=\"21229\" data-images=\"[&quot;https:\\\/\\\/realmofstore.com\\\/wp-content\\\/uploads\\\/2025\\\/12\\\/realmof-1980_b77ee7dbbd75480bb14e38c92c7e7eb6-1.jpg&quot;,&quot;https:\\\/\\\/realmofstore.com\\\/wp-content\\\/uploads\\\/2025\\\/12\\\/realmof-2666_9c6c983822c94fb9bc0a6381c3c97b16.jpg&quot;,&quot;https:\\\/\\\/realmofstore.com\\\/wp-content\\\/uploads\\\/2025\\\/12\\\/realmof-1986_a338e224199d4fac8318b5334fc5d424.jpg&quot;,&quot;https:\\\/\\\/realmofstore.com\\\/wp-content\\\/uploads\\\/2025\\\/12\\\/realmof-1980_a810352d33394cdabe41eda9aa17d683.jpg&quot;,&quot;https:\\\/\\\/realmofstore.com\\\/wp-content\\\/uploads\\\/2025\\\/12\\\/realmof-1996_2_aefb96a10ab64c68827c25e877caac29.jpg&quot;,&quot;https:\\\/\\\/realmofstore.com\\\/wp-content\\\/uploads\\\/2025\\\/12\\\/realmof-2683_129b9d794335417282867c37c4b35d51.jpg&quot;,&quot;https:\\\/\\\/realmofstore.com\\\/wp-content\\\/uploads\\\/2025\\\/12\\\/size_chart_-_ti_le_11_-_realm_of.__2__c713c55c17774239b18463aef1674426.jpg&quot;,&quot;https:\\\/\\\/realmofstore.com\\\/wp-content\\\/uploads\\\/2025\\\/12\\\/IMG_8515.jpg&quot;,&quot;https:\\\/\\\/realmofstore.com\\\/wp-content\\\/uploads\\\/2025\\\/12\\\/IMG_5475-copy.jpeg&quot;,&quot;https:\\\/\\\/realmofstore.com\\\/wp-content\\\/uploads\\\/2025\\\/12\\\/589015030_18435090793096608_6646891147575735680_n.jpg&quot;]\" style=\"display:none !important;\"><\/span><\/a><a href=\"https:\/\/realmofstore.com\/vi\/san-pham\/realm-of-manyfest-pillbox-cap-black-beige\/\" aria-describedby=\"woocommerce_loop_add_to_cart_link_describedby_21229\" data-quantity=\"1\" class=\"button product_type_variable add_to_cart_button cfvsw_ajax_add_to_cart\" data-product_id=\"21229\" data-product_sku=\"\" aria-label=\"L\u1ef1a ch\u1ecdn cho \u201cREALM OF &#039;MANYFEST&#039; PILLBOX CAP\u201d\" rel=\"nofollow\" data-add_to_cart_text=\"Add to Cart\" data-select_options_text=\"L\u1ef1a ch\u1ecdn t\u00f9y ch\u1ecdn\" data-no-translation=\"\" data-trp-gettext=\"\" data-no-translation-aria-label=\"\" data-no-translation-data-select_options_text=\"\">L\u1ef1a ch\u1ecdn t\u00f9y ch\u1ecdn<\/a>\t<span id=\"woocommerce_loop_add_to_cart_link_describedby_21229\" class=\"screen-reader-text\">\n\t\tS\u1ea3n ph\u1ea9m n\u00e0y c\u00f3 nhi\u1ec1u bi\u1ebfn th\u1ec3. C\u00e1c t\u00f9y ch\u1ecdn c\u00f3 th\u1ec3 \u0111\u01b0\u1ee3c ch\u1ecdn tr\u00ean trang s\u1ea3n ph\u1ea9m\t<\/span>\n<\/li>\n<\/ul>\n<\/div>\n<\/div>\n\t\t\t\t\t\t<\/div>\n\t\t\t\t<\/div>\n\t\t\t\t<\/div>\n\t\t\t\t<\/div>","protected":false},"excerpt":{"rendered":"","protected":false},"author":1,"featured_media":0,"parent":0,"menu_order":0,"comment_status":"closed","ping_status":"closed","template":"elementor_canvas","meta":{"_acf_changed":false,"footnotes":""},"class_list":["post-21526","page","type-page","status-publish","hentry"],"acf":[],"_links":{"self":[{"href":"https:\/\/realmofstore.com\/vi\/wp-json\/wp\/v2\/pages\/21526","targetHints":{"allow":["GET"]}}],"collection":[{"href":"https:\/\/realmofstore.com\/vi\/wp-json\/wp\/v2\/pages"}],"about":[{"href":"https:\/\/realmofstore.com\/vi\/wp-json\/wp\/v2\/types\/page"}],"author":[{"embeddable":true,"href":"https:\/\/realmofstore.com\/vi\/wp-json\/wp\/v2\/users\/1"}],"replies":[{"embeddable":true,"href":"https:\/\/realmofstore.com\/vi\/wp-json\/wp\/v2\/comments?post=21526"}],"version-history":[{"count":4,"href":"https:\/\/realmofstore.com\/vi\/wp-json\/wp\/v2\/pages\/21526\/revisions"}],"predecessor-version":[{"id":21541,"href":"https:\/\/realmofstore.com\/vi\/wp-json\/wp\/v2\/pages\/21526\/revisions\/21541"}],"wp:attachment":[{"href":"https:\/\/realmofstore.com\/vi\/wp-json\/wp\/v2\/media?parent=21526"}],"curies":[{"name":"wp","href":"https:\/\/api.w.org\/{rel}","templated":true}]}}