{"id":2846,"date":"2024-08-01T08:28:15","date_gmt":"2024-08-01T08:28:15","guid":{"rendered":"https:\/\/realmofstore.com\/?page_id=2846"},"modified":"2025-12-05T05:22:20","modified_gmt":"2025-12-05T05:22:20","slug":"best-sellers","status":"publish","type":"page","link":"https:\/\/realmofstore.com\/vi\/best-sellers\/","title":{"rendered":"Best Sellers"},"content":{"rendered":"<div data-elementor-type=\"wp-page\" data-elementor-id=\"2846\" class=\"elementor elementor-2846\" data-elementor-post-type=\"page\">\n\t\t\t\t<div class=\"elementor-element elementor-element-dd5822c e-flex e-con-boxed wpr-particle-no wpr-jarallax-no wpr-parallax-no wpr-sticky-section-no e-con e-parent\" data-id=\"dd5822c\" data-element_type=\"container\">\n\t\t\t\t\t<div class=\"e-con-inner\">\n\t\t\t\t<div class=\"elementor-element elementor-element-487e299 wpr-grid-columns-3 wpr-grid-columns--mobile2 wpr-grid-columns--laptop3 wpr-grid-columns--tablet2 wpr-grid-pagination-center wpr-item-styles-inner elementor-widget elementor-widget-wpr-woo-grid\" data-id=\"487e299\" data-element_type=\"widget\" data-widget_type=\"wpr-woo-grid.default\">\n\t\t\t\t<div class=\"elementor-widget-container\">\n\t\t\t\t\t<h2>No Posts Found!<\/h2>\t\t\t\t<\/div>\n\t\t\t\t<\/div>\n\t\t\t\t\t<\/div>\n\t\t\t\t<\/div>\n\t\t\t\t<\/div>","protected":false},"excerpt":{"rendered":"<p>Best Seller Maike Set 1,080,000&nbsp;&#8363; Set H\u1ed3 \u0110i\u1ec7p 1,480,000&nbsp;&#8363; \u00c1o D\u00e0i \u0110an Dung 1,580,000&nbsp;&#8363; \u00c1o D\u00e0i An B\u00edch 1,560,000&nbsp;&#8363; Jolie Lace Crop 320,000&nbsp;&#8363; Nadeen Dress 1,280,000&nbsp;&#8363; Isobelle Skirt 990,000&nbsp;&#8363; Janniana Dress 1,280,000&nbsp;&#8363; Elodie Dress 795,000&nbsp;&#8363;<\/p>","protected":false},"author":1,"featured_media":0,"parent":0,"menu_order":0,"comment_status":"closed","ping_status":"closed","template":"elementor_header_footer","meta":{"_acf_changed":false,"footnotes":""},"class_list":["post-2846","page","type-page","status-publish","hentry"],"acf":[],"_links":{"self":[{"href":"https:\/\/realmofstore.com\/vi\/wp-json\/wp\/v2\/pages\/2846","targetHints":{"allow":["GET"]}}],"collection":[{"href":"https:\/\/realmofstore.com\/vi\/wp-json\/wp\/v2\/pages"}],"about":[{"href":"https:\/\/realmofstore.com\/vi\/wp-json\/wp\/v2\/types\/page"}],"author":[{"embeddable":true,"href":"https:\/\/realmofstore.com\/vi\/wp-json\/wp\/v2\/users\/1"}],"replies":[{"embeddable":true,"href":"https:\/\/realmofstore.com\/vi\/wp-json\/wp\/v2\/comments?post=2846"}],"version-history":[{"count":5,"href":"https:\/\/realmofstore.com\/vi\/wp-json\/wp\/v2\/pages\/2846\/revisions"}],"predecessor-version":[{"id":18814,"href":"https:\/\/realmofstore.com\/vi\/wp-json\/wp\/v2\/pages\/2846\/revisions\/18814"}],"wp:attachment":[{"href":"https:\/\/realmofstore.com\/vi\/wp-json\/wp\/v2\/media?parent=2846"}],"curies":[{"name":"wp","href":"https:\/\/api.w.org\/{rel}","templated":true}]}}